{"id":86,"date":"2019-05-31T16:11:02","date_gmt":"2019-05-31T14:11:02","guid":{"rendered":"http:\/\/bonhoeffer-documentary.info\/?page_id=86"},"modified":"2025-02-04T11:58:45","modified_gmt":"2025-02-04T10:58:45","slug":"about_us","status":"publish","type":"page","link":"https:\/\/bonhoeffer-documentary.info\/de\/about_us\/","title":{"rendered":"\u00dcber den Verein"},"content":{"rendered":"\n<h2>\n\t\tGeschichte: begreifen i.L..\n\t<\/h2>\n<p><strong>\u203aGeschichte: begreifen\u2039<\/strong> wurde 2006 in D\u00fcsseldorf gegr\u00fcndet. Der Verein hatte es sich zum Ziel gesetzt, die Entwicklung didaktischer Medien zu f\u00f6rdern, die die Aufarbeitung der deutschen Geschichte im Schulunterricht und in der Erwachsenenbildung zum Ziel haben.<\/p>\n<p>Au\u00dfergew\u00f6hnliche Pers\u00f6nlichkeiten wie <a href=\"https:\/\/www.geschichte-begreifen.info\/de\/dietrich-bonhoeffer.html\">Dietrich Bonhoeffer<\/a>, <a href=\"https:\/\/www.geschichte-begreifen.info\/de\/helmuth-james-von-moltke.html\">Helmuth James von Moltke<\/a>, <a href=\"https:\/\/www.geschichte-begreifen.info\/de\/freya-von-moltke.html\">Freya von Moltke<\/a> oder <a href=\"https:\/\/www.geschichte-begreifen.info\/de\/adam-von-trott-zu-solz.html\">Adam von Trott<\/a> haben durch ihren mutigen Einsatz gegen die NS-Diktatur und f\u00fcr den demokratischen Rechtsstaat die j\u00fcngere deutsche Geschichte mitgepr\u00e4gt. Ihre Pers\u00f6nlichkeit, ihr Handeln und Wirken sind f\u00fcr heutige und k\u00fcnftige Generationen beispiellose Vorbilder im politischen, kulturellen und religi\u00f6sen Leben unserer Gesellschaft.<\/p>\n<p>Daran zu erinnern und das zu f\u00f6rdern, hatte sich der Verein <strong>\u203aGeschichte: begreifen\u2039<\/strong> zum Ziel gesetzt. \u00bbNichts geh\u00f6rt der Vergangenheit an. Alles ist Gegenwart und kann wieder Zukunft werden\u00ab. So formulierte der ehemalige hessische Generalstaatsanwalt Fritz Bauer seinen Kampf gegen das Vergessen. Gegen dieses historische Vergessen und f\u00fcr eine Kultur des Erinnerns arbeitete der im Jahre 2006 gegr\u00fcndete Verein mit Veranstaltungen und Medien. Sie sollen im Bildungssektor, im Schulunterricht und in der Erwachsenenbildung der wachsenden Geschichtsvergessenheit entgegenwirken und eine Erinnerungskultur st\u00e4rken, zu der sich auch eine moderne Zivilgesellschaft bekennen muss.<\/p>\n<p>&#8222;Die Wolke der Zeugen&#8220; ist das letzte Projekt des Vereins, der sich aktuell wegen schwindender Mitgliederzahl in Liquidation befindet. Wir sind froh, dass wir die Entstehung dieses wichtigen Films als letztes gro\u00dfes Projekt begleiten und f\u00f6rdern konnten. Wenn Sie Fragen haben, freuen wir uns \u00fcber Ihre E-Mail: <a href=\"mailto:kontakt@geschichte-begreifen.info\">kontakt@geschichte-begreifen.info<\/a>.<\/p>\nIhre <strong>Barbara Rozoll-Golly<\/strong><br \/>\n(Liquidatorin)\n<p>&nbsp;<\/p>\n<p>&nbsp;<\/p>\n\n","protected":false},"excerpt":{"rendered":"<p>Geschichte: begreifen i.L.. \u203aGeschichte: begreifen\u2039 wurde 2006 in D\u00fcsseldorf gegr\u00fcndet. Der Verein hatte es sich zum Ziel gesetzt, die Entwicklung didaktischer Medien zu f\u00f6rdern, die die Aufarbeitung der deutschen Geschichte im Schulunterricht und in der Erwachsenenbildung zum Ziel haben. Au\u00dfergew\u00f6hnliche Pers\u00f6nlichkeiten wie Dietrich Bonhoeffer, Helmuth James von Moltke, Freya von Moltke oder Adam von Trott [&hellip;]<\/p>\n","protected":false},"author":1,"featured_media":0,"parent":0,"menu_order":0,"comment_status":"closed","ping_status":"closed","template":"template-page-builder.php","meta":{"site-sidebar-layout":"default","site-content-layout":"default","ast-site-content-layout":"default","site-content-style":"default","site-sidebar-style":"default","ast-global-header-display":"","ast-banner-title-visibility":"","ast-main-header-display":"","ast-hfb-above-header-display":"","ast-hfb-below-header-display":"","ast-hfb-mobile-header-display":"","site-post-title":"","ast-breadcrumbs-content":"","ast-featured-img":"","footer-sml-layout":"","theme-transparent-header-meta":"default","adv-header-id-meta":"","stick-header-meta":"default","header-above-stick-meta":"","header-main-stick-meta":"","header-below-stick-meta":"","astra-migrate-meta-layouts":"default","ast-page-background-enabled":"default","ast-page-background-meta":{"desktop":{"background-color":"","background-image":"","background-repeat":"repeat","background-position":"center center","background-size":"auto","background-attachment":"scroll","background-type":"","background-media":"","overlay-type":"","overlay-color":"","overlay-opacity":"","overlay-gradient":""},"tablet":{"background-color":"","background-image":"","background-repeat":"repeat","background-position":"center center","background-size":"auto","background-attachment":"scroll","background-type":"","background-media":"","overlay-type":"","overlay-color":"","overlay-opacity":"","overlay-gradient":""},"mobile":{"background-color":"","background-image":"","background-repeat":"repeat","background-position":"center center","background-size":"auto","background-attachment":"scroll","background-type":"","background-media":"","overlay-type":"","overlay-color":"","overlay-opacity":"","overlay-gradient":""}},"ast-content-background-meta":{"desktop":{"background-color":"var(--ast-global-color-5)","background-image":"","background-repeat":"repeat","background-position":"center center","background-size":"auto","background-attachment":"scroll","background-type":"","background-media":"","overlay-type":"","overlay-color":"","overlay-opacity":"","overlay-gradient":""},"tablet":{"background-color":"var(--ast-global-color-5)","background-image":"","background-repeat":"repeat","background-position":"center center","background-size":"auto","background-attachment":"scroll","background-type":"","background-media":"","overlay-type":"","overlay-color":"","overlay-opacity":"","overlay-gradient":""},"mobile":{"background-color":"var(--ast-global-color-5)","background-image":"","background-repeat":"repeat","background-position":"center center","background-size":"auto","background-attachment":"scroll","background-type":"","background-media":"","overlay-type":"","overlay-color":"","overlay-opacity":"","overlay-gradient":""}},"footnotes":""},"class_list":["post-86","page","type-page","status-publish","hentry"],"_links":{"self":[{"href":"https:\/\/bonhoeffer-documentary.info\/de\/wp-json\/wp\/v2\/pages\/86","targetHints":{"allow":["GET"]}}],"collection":[{"href":"https:\/\/bonhoeffer-documentary.info\/de\/wp-json\/wp\/v2\/pages"}],"about":[{"href":"https:\/\/bonhoeffer-documentary.info\/de\/wp-json\/wp\/v2\/types\/page"}],"author":[{"embeddable":true,"href":"https:\/\/bonhoeffer-documentary.info\/de\/wp-json\/wp\/v2\/users\/1"}],"replies":[{"embeddable":true,"href":"https:\/\/bonhoeffer-documentary.info\/de\/wp-json\/wp\/v2\/comments?post=86"}],"version-history":[{"count":6,"href":"https:\/\/bonhoeffer-documentary.info\/de\/wp-json\/wp\/v2\/pages\/86\/revisions"}],"predecessor-version":[{"id":337,"href":"https:\/\/bonhoeffer-documentary.info\/de\/wp-json\/wp\/v2\/pages\/86\/revisions\/337"}],"wp:attachment":[{"href":"https:\/\/bonhoeffer-documentary.info\/de\/wp-json\/wp\/v2\/media?parent=86"}],"curies":[{"name":"wp","href":"https:\/\/api.w.org\/{rel}","templated":true}]}}