{"id":3,"date":"2019-05-21T15:26:24","date_gmt":"2019-05-21T13:26:24","guid":{"rendered":"http:\/\/bonhoeffer-documentary.info\/?page_id=3"},"modified":"2025-07-02T17:38:44","modified_gmt":"2025-07-02T15:38:44","slug":"datenschutzerklaerung","status":"publish","type":"page","link":"https:\/\/bonhoeffer-documentary.info\/de\/datenschutzerklaerung\/","title":{"rendered":"Datenschutzerkl\u00e4rung"},"content":{"rendered":"\n\u203aGeschichte: <b>begreifen<\/b>\u2039<br \/>\nGesellschaft zur F\u00f6rderung von didaktischen<br \/>\nMedien zur deutschen Geschichte e.V.\n<b>Barbara Rozoll-Golly<\/b><br \/>\nVorstandssprecherin\nPostanschrift:<br \/>\nGeschichte:begreifen e.V.<br \/>\nc\/o Gemeindeamt der Evangelischen Kirchengemeinde Kaiserswerth<br \/>\nFliednerstra\u00dfe 6<br \/>\n40489 D\u00fcsseldorf<br \/>\nGermany<br \/>\nE-Mail: <a href=\"mailto:kontakt@geschichte-begreifen.info\">kontakt@geschichte-begreifen.info<\/a>\nDer Verein ist eingetragen beim Amtsgereicht D\u00fcsseldorf<br \/>\nim Vereinsregister: VR 9848\n<p>Die Arbeit des Vereins <strong>\u203aGeschichte: begreifen e.V.\u2039<\/strong> finanziert sich aus Mitgliedsbeitr\u00e4gen und Spenden.<\/p>\n<p>Einzelmitglieder zahlen einen Jahresbeitrag von 20,\u2013 Euro, korporative Mitglieder 50,\u2013 Euro\u00a0 (Gemeinden, Schulen u. a.).<\/p>\n<p>Beitrag und Spenden sind steuerlich absetztbar. Entsprechende Spendenbescheinigungen stellt der Verein auf Wunsch gerne aus.<\/p>\nBankverbindungen:<br \/>\nStadtsparkasse D\u00fcsseldorf<br \/>\nKto.: 10 04 67 94 92\u00a0 BLZ: 300 501 10<br \/>\nIBAN: DE09 3005 0110 1004 6794 92<br \/>\nBIC: DUSSDEDDXXX\nBank f\u00fcr Kirche und Diakonie e. G.<br \/>\nKto.: 10 14 39 10 17\u00a0 BLZ: 350 601 90<br \/>\nIBAN: DE90 3506 0190 1014 3910 17<br \/>\nBIC: GENODED1DKD\n<p>&nbsp;<\/p>\n<p>Links: Unser Internet-Angebot enth\u00e4lt Links, die zu Websites anderer Anbieter f\u00fchren, auf deren Gestaltung und Inhalte wir keinen Einfluss haben. Inhalte anderer Anbieter machen wir uns in keiner Weise zu eigen, auch wenn wir in der Form von Hyperlinks auf solche Inhalte hinweisen. Wir \u00fcbernehmen daher keine Haftung\/Verantwortung f\u00fcr Richtigkeit, Aktualit\u00e4t, Vollst\u00e4ndigkeit und Qualit\u00e4t der auf anderen Websites bereitgestellten Informationen. Bedenken die der Nutzer im Zusammenhang mit einer solchen Website hat, sind durch den Nutzer direkt an den Betreiber der jeweiligen Website zu richten.<\/p>\n<p>Haftungsausschluss: Wir haben die in unserem Internet-Angebot enthaltenen Informationen sorgf\u00e4ltig erstellt und sind um laufende \u00dcberpr\u00fcfung und Aktualisierung bem\u00fcht. Dennoch k\u00f6nnen wir f\u00fcr die Richtigkeit, Aktualit\u00e4t, Vollst\u00e4ndigkeit und laufende Verf\u00fcgbarkeit unserer Inhalte keinerlei Haftung \u00fcbernehmen. Wir stehen auch nicht daf\u00fcr ein, dass Inhalte unseres Internet-Angebots f\u00fcr den Nutzer und seine Zwecke geeignet sind. Verbindliche Ausk\u00fcnfte, Beratungen, Empfehlungen oder Erkl\u00e4rungen erteilen wir ausschlie\u00dflich im Rahmen individueller Kommunikation. Alle Angaben k\u00f6nnen ohne vorherige Ank\u00fcndigung erg\u00e4nzt, entfernt oder ge\u00e4ndert werden.<\/p>\n<p>Datenschutz: Als Betreiber dieser Homepage sch\u00fctzen wir Ihre pers\u00f6nlichen Daten gewissenhaft und befolgen dabei alle Bestimmungen der Datenschutzgesetze. Personenbezogene Daten werden auf dieser Webseite nur soweit erhoben, wie es technisch f\u00fcr statistische Zwecke n\u00f6tig ist.<\/p>\nIhr Browser \u00fcbermittelt von sich aus automatisch die folgend aufgelisteten Daten:<br \/>\n\u2022 Browsertyp und Version<br \/>\n\u2022 Das von Ihnen verwendete Betriebssystem<br \/>\n\u2022 Referrer URL (die von Ihnen zuletzt besuchte Seite)<br \/>\n\u2022 Hostname des zugreifenden Rechners (IP Adresse)<br \/>\n\u2022 Uhrzeit des Aufrufs unserer Seite, je nach Einstellung auch der Tag.<br \/>\nWir k\u00f6nnen diese Daten nicht einzelnen Personen zuordnen, sie bleiben f\u00fcr uns anonym. Wir f\u00fchren diese Daten auch nicht mit Daten aus anderen Quellen zusammen. Wir werde diese Daten weder verkaufen noch aus anderen Gr\u00fcnden an Dritte weitergeben.\n<p>Kontaktformular und andere Datenerfassung: Weitergehende personenbezogene Daten werden nur erfasst, wenn Sie uns diese Angaben freiwillig zur Verf\u00fcgung stellen, etwa im Rahmen einer Anfrage oder Bestellung. Wir verwenden diese Daten nur zur Beantwortung Ihrer Anfrage, bzw. zur Abwicklung Ihrer Bestellung und f\u00fcr die technische Administration. Eine Weitergabe an Dritte findet nicht ohne Ihre Zustimmung statt.<\/p>\n<p>Cookies: Diese Homepage verwendet keine Cookies.<\/p>\n<p>Google Analytics (Webanalyse\/-Tracking): Diese Webseite benutzt kein Google Analytics, einen Webanalystendienst der Google Inc. (\u201eGoogle\u201c).<\/p>\n<p>\u00c4nderung der Datenschutzerkl\u00e4rung: Wir behalten uns vor, diese Datenschutzerkl\u00e4rung von Zeit zu Zeit durch eine Aktualisierung dieser Website zu \u00e4ndern. Wir empfehlen Ihnen deshalb, diese Seite regelm\u00e4\u00dfig zu besuchen um sicherzustellen, dass Sie mit den \u00c4nderungen einverstanden sind.<\/p>\n<p>Auskunftsrecht: Sie k\u00f6nnen jederzeit alle zu Ihrer Person aktuell gespeicherten Daten abfragen, historische Daten werden periodisch gel\u00f6scht. Dabei k\u00f6nnen Sie die Herkunft der Daten erfahren, ob von uns abgefragt oder von Ihnen geliefert, und Sie erhalten ebenso Auskunft \u00fcber den Zweck der Speicherung. Dieses Recht auf Auskunft ist uneingeschr\u00e4nkt, Sie k\u00f6nnen es durch eine E-Mail an uns (s. Kontakt) jederzeit wahrnehmen. Wenn Sie weitere Fragen in Bezug auf die Speicherung und Verwendung Ihrer personenbezogenen Daten haben, oder Fragen auftreten, die \u00fcber den Umfang dieser Datenschutzerkl\u00e4rung hinausgehen, wenden Sie sich bitte vertrauensvoll an uns. Wir stehen Ihnen jederzeit f\u00fcr Ausk\u00fcnfte und Erl\u00e4uterungen zur Verf\u00fcgung.<\/p>\n","protected":false},"excerpt":{"rendered":"<p>\u203aGeschichte: begreifen\u2039 Gesellschaft zur F\u00f6rderung von didaktischen Medien zur deutschen Geschichte e.V. Barbara Rozoll-Golly Vorstandssprecherin Postanschrift: Geschichte:begreifen e.V. c\/o Gemeindeamt der Evangelischen Kirchengemeinde Kaiserswerth Fliednerstra\u00dfe 6 40489 D\u00fcsseldorf Germany E-Mail: kontakt@geschichte-begreifen.info Der Verein ist eingetragen beim Amtsgereicht D\u00fcsseldorf im Vereinsregister: VR 9848 Die Arbeit des Vereins \u203aGeschichte: begreifen e.V.\u2039 finanziert sich aus Mitgliedsbeitr\u00e4gen und Spenden. [&hellip;]<\/p>\n","protected":false},"author":1,"featured_media":0,"parent":0,"menu_order":0,"comment_status":"closed","ping_status":"closed","template":"template-page-builder.php","meta":{"site-sidebar-layout":"default","site-content-layout":"","ast-site-content-layout":"default","site-content-style":"default","site-sidebar-style":"default","ast-global-header-display":"","ast-banner-title-visibility":"","ast-main-header-display":"","ast-hfb-above-header-display":"","ast-hfb-below-header-display":"","ast-hfb-mobile-header-display":"","site-post-title":"","ast-breadcrumbs-content":"","ast-featured-img":"","footer-sml-layout":"","theme-transparent-header-meta":"","adv-header-id-meta":"","stick-header-meta":"","header-above-stick-meta":"","header-main-stick-meta":"","header-below-stick-meta":"","astra-migrate-meta-layouts":"set","ast-page-background-enabled":"default","ast-page-background-meta":{"desktop":{"background-color":"","background-image":"","background-repeat":"repeat","background-position":"center center","background-size":"auto","background-attachment":"scroll","background-type":"","background-media":"","overlay-type":"","overlay-color":"","overlay-opacity":"","overlay-gradient":""},"tablet":{"background-color":"","background-image":"","background-repeat":"repeat","background-position":"center center","background-size":"auto","background-attachment":"scroll","background-type":"","background-media":"","overlay-type":"","overlay-color":"","overlay-opacity":"","overlay-gradient":""},"mobile":{"background-color":"","background-image":"","background-repeat":"repeat","background-position":"center center","background-size":"auto","background-attachment":"scroll","background-type":"","background-media":"","overlay-type":"","overlay-color":"","overlay-opacity":"","overlay-gradient":""}},"ast-content-background-meta":{"desktop":{"background-color":"var(--ast-global-color-5)","background-image":"","background-repeat":"repeat","background-position":"center center","background-size":"auto","background-attachment":"scroll","background-type":"","background-media":"","overlay-type":"","overlay-color":"","overlay-opacity":"","overlay-gradient":""},"tablet":{"background-color":"var(--ast-global-color-5)","background-image":"","background-repeat":"repeat","background-position":"center center","background-size":"auto","background-attachment":"scroll","background-type":"","background-media":"","overlay-type":"","overlay-color":"","overlay-opacity":"","overlay-gradient":""},"mobile":{"background-color":"var(--ast-global-color-5)","background-image":"","background-repeat":"repeat","background-position":"center center","background-size":"auto","background-attachment":"scroll","background-type":"","background-media":"","overlay-type":"","overlay-color":"","overlay-opacity":"","overlay-gradient":""}},"footnotes":""},"class_list":["post-3","page","type-page","status-publish","hentry"],"_links":{"self":[{"href":"https:\/\/bonhoeffer-documentary.info\/de\/wp-json\/wp\/v2\/pages\/3","targetHints":{"allow":["GET"]}}],"collection":[{"href":"https:\/\/bonhoeffer-documentary.info\/de\/wp-json\/wp\/v2\/pages"}],"about":[{"href":"https:\/\/bonhoeffer-documentary.info\/de\/wp-json\/wp\/v2\/types\/page"}],"author":[{"embeddable":true,"href":"https:\/\/bonhoeffer-documentary.info\/de\/wp-json\/wp\/v2\/users\/1"}],"replies":[{"embeddable":true,"href":"https:\/\/bonhoeffer-documentary.info\/de\/wp-json\/wp\/v2\/comments?post=3"}],"version-history":[{"count":4,"href":"https:\/\/bonhoeffer-documentary.info\/de\/wp-json\/wp\/v2\/pages\/3\/revisions"}],"predecessor-version":[{"id":347,"href":"https:\/\/bonhoeffer-documentary.info\/de\/wp-json\/wp\/v2\/pages\/3\/revisions\/347"}],"wp:attachment":[{"href":"https:\/\/bonhoeffer-documentary.info\/de\/wp-json\/wp\/v2\/media?parent=3"}],"curies":[{"name":"wp","href":"https:\/\/api.w.org\/{rel}","templated":true}]}}