{"id":275,"date":"2024-04-29T11:13:07","date_gmt":"2024-04-29T09:13:07","guid":{"rendered":"https:\/\/bonhoeffer-documentary.info\/de\/?page_id=275"},"modified":"2025-02-04T11:53:54","modified_gmt":"2025-02-04T10:53:54","slug":"expertise","status":"publish","type":"page","link":"https:\/\/bonhoeffer-documentary.info\/de\/expertise\/","title":{"rendered":"Die Expertinnen und Experten"},"content":{"rendered":"\n<h2>\n\t\tDie Wolke der Zeugen &#8211; The Cloud of Witnesses\n\t<\/h2>\n<h6>\n\t\tUnsere Expertinnen und Experten\n\t<\/h6>\n\tWir danken unseren Gespr\u00e4chspartner*innen in der Schweiz, S\u00fcdafrika den USA und Deutschland.<br \/>\nWir haben viel von Ihnen gelernt, ohne sie w\u00e4re dieser Film nicht m\u00f6glich gewesen w\u00e4re.\n<p>In der Reihenfolge ihres Auftretens im Film:<\/p>\n\t\t\t\t<img loading=\"lazy\" decoding=\"async\" src=\"https:\/\/bonhoeffer-documentary.info\/de\/wp-content\/uploads\/2024\/04\/01-John-De-Gruchy-300x169.png\" alt=\"Portrait John de Gruchy\" itemprop=\"image\" height=\"169\" width=\"300\" title=\"01 John De Gruchy\" onerror=\"this.style.display='none'\"  \/>\n\t<h3>\n\t\t\t\tDr. John de Gruchy\n\t\t\t<\/h3>\n\t\t\t<p>Der S\u00fcdafrikaner war 21 Jahre alt, als er 1960 w\u00e4hrend des Studiums in Chicago durch Eberhard Bethge erstmals von Dietrich Bonhoeffer und der Bekennenden Kirche h\u00f6rte. Er erkannte sofort Parallelen zur Situation in seiner s\u00fcdafrikanischen Heimat. John de Gruchy ist Professor emeritus an der Universit\u00e4t Kapstadt und au\u00dferordentlicher Professor an der Universit\u00e4t Stellenbosch, S\u00fcdafrika.<br \/><\/p>\t\n\t<h3>\n\t\t\t\tPfr. Dr. Ferdinand Schlingensiepen\n\t\t\t<\/h3>\n\t\t\t<p>Als junger Pfarrer lernt er Eberhard Bethge kennen, sie werden enge Freunde. 1971 l\u00e4dt er zu einer ersten Bonhoeffer-Tagung nach D\u00fcsseldorf ein, wo er die Gr\u00fcndung der internationalen Bonhoeffer-Gesellschaft vorschl\u00e4gt. Seine Bonhoeffer-Biografie, die in mehrere Sprachen \u00fcbersetzt wurde, erschien 2005.<\/p>\t\n\t\t\t\t<img loading=\"lazy\" decoding=\"async\" src=\"https:\/\/bonhoeffer-documentary.info\/de\/wp-content\/uploads\/2024\/04\/02-Ferdinand-Schlingensiepen-300x169.png\" alt=\"Portrait Ferdinand Schlingensiepen\" itemprop=\"image\" height=\"169\" width=\"300\" title=\"02 Ferdinand Schlingensiepen\" onerror=\"this.style.display='none'\"  \/>\n\t\t\t\t<img loading=\"lazy\" decoding=\"async\" src=\"https:\/\/bonhoeffer-documentary.info\/de\/wp-content\/uploads\/2024\/04\/03-Jutta-Koslowski-300x169.png\" alt=\"Portrait Jutta Koslowski\" itemprop=\"image\" height=\"169\" width=\"300\" title=\"03 Jutta Koslowski\" onerror=\"this.style.display='none'\"  \/>\n\t<h3>\n\t\t\t\tPfr. Dr. Jutta Koslowski\n\t\t\t<\/h3>\n\t\t\t<p>Sie forscht und publiziert \u00fcber den biographischen und famili\u00e4ren Hintergrund Dietrich Bonhoeffers und seiner Familie. 2022 war sie Dietrich Bonhoeffer-Gastprofessorin am Union Theological Seminary. Dr. Koslowski ist Pfarrerin in der Evangelischen Kirche in Hessen und Nassau und Lehrbeauftragte an der P\u00e4dagogischen Hochschule Ludwigsburg.<\/p>\t\n\t<h3>\n\t\t\t\tDr. Christine Schliesser\n\t\t\t<\/h3>\n\t\t\t<p>Die Theologin war viele Jahre im Vorstand der Internationalen Dietrich Bonhoeffer-Gesellschaft, deutschsprachige Sektion. Dr. Christine Schliesser ist Studienleiterin am \u00f6kumenischen Zentrum f\u00fcr Glaube und Gesellschaft der Universit\u00e4t Fribourg und Privatdozentin f\u00fcr Systematische Theologie und Ethik an der Universit\u00e4t Z\u00fcrich. Zudem ist sie Research Fellow am Lehrstuhl f\u00fcr \u201eHistorical Trauma and Transformation&#8220; der Universit\u00e4t Stellenbosch, S\u00fcdafrika.<\/p>\t\n\t\t\t\t<img loading=\"lazy\" decoding=\"async\" src=\"https:\/\/bonhoeffer-documentary.info\/de\/wp-content\/uploads\/2024\/04\/05-Christine-Schliesser-300x169.png\" alt=\"Portrait Christine Schliesser\" itemprop=\"image\" height=\"169\" width=\"300\" title=\"05 Christine Schliesser\" onerror=\"this.style.display='none'\"  \/>\n\t\t\t\t<img loading=\"lazy\" decoding=\"async\" src=\"https:\/\/bonhoeffer-documentary.info\/de\/wp-content\/uploads\/2024\/04\/06-Eboni-Marshal-Turman-300x169.png\" alt=\"Portrait Eboni Marshal Turman\" itemprop=\"image\" height=\"169\" width=\"300\" title=\"06 Eboni Marshal Turman\" onerror=\"this.style.display='none'\"  \/>\n\t<h3>\n\t\t\t\tRev. Dr. Eboni Marshall Turman\n\t\t\t<\/h3>\n\t\t\t<p>Sie war der erste weibliche \u00bbAssistant Minister\u00ab an der Abyssinian Baptist Church. Eine Position, die sie \u00fcber zehn Jahre innehatte. Heute lehrt Dr. Turman Theologie und afroamerikanische Religion an der Yale University Divinity School in New Haven, USA.<\/p>\t\n\t<h3>\n\t\t\t\tDr. David Levering Lewis\n\t\t\t<\/h3>\n\t\t\t<p>Der emeritierter Professor der New York University schrieb u.a. das Standardwerk zur Geschichte der Harlem Renaissance: \u00bbWhen Harlem Was in Vogue\u00ab. Der besondere Fokus seiner Arbeit liegt auf der Sozialgeschichte und der B\u00fcrgerrechtsbewegung in den USA. F\u00fcr beide B\u00e4nde seiner Biografie \u00fcber W.E.B. Du Bois erhielt Prof. Lewis den Pultizer-Preis.<\/p>\t\n\t\t\t\t<img loading=\"lazy\" decoding=\"async\" src=\"https:\/\/bonhoeffer-documentary.info\/de\/wp-content\/uploads\/2024\/04\/07-David-Lewis-300x169.png\" alt=\"Portrait David Levering Lewis\" itemprop=\"image\" height=\"169\" width=\"300\" title=\"07 David Lewis\" onerror=\"this.style.display='none'\"  \/>\n\t\t\t\t<img loading=\"lazy\" decoding=\"async\" src=\"https:\/\/bonhoeffer-documentary.info\/de\/wp-content\/uploads\/2024\/04\/08-Calvin-Butts-300x169.png\" alt=\"Portrait Calvin Butts\" itemprop=\"image\" height=\"169\" width=\"300\" title=\"08 Calvin Butts\" onerror=\"this.style.display='none'\"  \/>\n\t<h3>\n\t\t\t\tRev. Dr. Calvin O. Butts III\n\t\t\t<\/h3>\n\t\t\t<p>Rev. Dr. Calvin O. Butts III (1944-2022) war seit 1972 Pastor an der &#8222;Abyssinian Baptist Church&#8220; in Harlem, der er bis zu seinem Tod mehrere Jahrzehnte als Senior Pastor diente.<\/p>\t\n\t<h3>\n\t\t\t\tDr. Samuel K. Roberts\n\t\t\t<\/h3>\n\t\t\t<p>Ein Schwerpunkt des Historikers ist die urbane Geschichte Afro-Amerikas. Samuel Roberts ist ein Enkel von Bonhoeffers Freund Albert Franklin Fisher. Der Prof. f\u00fcr Geschichte und Sozio-medizinische Wissenschaft lehrt an der Columbia University in New York City, USA.<\/p>\t\n\t\t\t\t<img loading=\"lazy\" decoding=\"async\" src=\"https:\/\/bonhoeffer-documentary.info\/de\/wp-content\/uploads\/2024\/04\/09-Samuel-Roberts-300x169.png\" alt=\"Portrait Samuel Roberts\" itemprop=\"image\" height=\"169\" width=\"300\" title=\"09 Samuel Roberts\" onerror=\"this.style.display='none'\"  \/>\n\t\t\t\t<img loading=\"lazy\" decoding=\"async\" src=\"https:\/\/bonhoeffer-documentary.info\/de\/wp-content\/uploads\/2024\/04\/10-Charles-Small-300x169.png\" alt=\"Portrait Cecilia und Charles Small\" itemprop=\"image\" height=\"169\" width=\"300\" title=\"10 Charles Small\" onerror=\"this.style.display='none'\"  \/>\n\t<h3>\n\t\t\t\tCecilia und Charles Small\n\t\t\t<\/h3>\n\t\t\t<p>Cecilia und Charles Small wuchsen in den 1930er Jahren in Harlem auf. Seit vielen Jahren sind sie Diakone an der Abyssinian Baptist Church.<\/p>\t\n\t<h3>\n\t\t\t\tDr. Nico Koopman\n\t\t\t<\/h3>\n\t\t\t<p>Der s\u00fcdafrikanische Theologieprofessor besch\u00e4ftigt sich mit den Auswirkungen des christlichen Glaubens auf das moralische und \u00f6ffentliche Leben. Bonhoeffers Leben und Werke lernte er durch Allan Boesak kennen. Dr. Koopman lehrt systematische Theologie und Ethik an der Universit\u00e4t Stellenbosch, S\u00fcdafrika.<\/p>\t\n\t\t\t\t<img loading=\"lazy\" decoding=\"async\" src=\"https:\/\/bonhoeffer-documentary.info\/de\/wp-content\/uploads\/2024\/04\/11-Nico-Koopman-300x169.png\" alt=\"Portrait Nico Koopman\" itemprop=\"image\" height=\"169\" width=\"300\" title=\"11 Nico Koopman\" onerror=\"this.style.display='none'\"  \/>\n\t\t\t\t<img loading=\"lazy\" decoding=\"async\" src=\"https:\/\/bonhoeffer-documentary.info\/de\/wp-content\/uploads\/2024\/04\/12-Allan-Boesak-300x169.png\" alt=\"Portrait Allan Boesak\" itemprop=\"image\" height=\"169\" width=\"300\" title=\"12 Allan Boesak\" onerror=\"this.style.display='none'\"  \/>\n\t<h3>\n\t\t\t\tRev. Dr. Allan Boesak\n\t\t\t<\/h3>\n\t\t\t<p>Nachdem ihm wegen seiner Hautfarbe ein vollwertiges Theologiestudium in S\u00fcdafrika verwehrt wurde, studierte Boesak bei dem Bonhoeffer-Fachmann Gerard Rothuizen in den Niederlanden. Sp\u00e4ter spielte Boesak in seiner Heimat eine zentrale Rolle beim Ende des Apartheidregimes.<\/p>\t\n<h6>\n\t\tDas Team\n\t<\/h6>\n\t<p>Dieser Film war die gemeinsame Idee des amerikanischen Theologieprofessors Reggie L. Williams und des deutschen Filmemachers Hellmut Schlingensiepen. Sie haben die meisten der Interviews f\u00fcr diesen Film gemeinsam gef\u00fchrt und sich immer wieder getroffen, um die inhaltliche Konzeption des Films zu diskutieren.<\/p>\n\t<h3>\n\t\t\t\tRev. Dr. Reggie L. Williams\n\t\t\t<\/h3>\n\t\t\t<p>Der Theologieprofessor lehrt Christliche Ethik am McCormick Seminar in Chicago, USA. Er hat lange \u00fcber Bonhoeffers Erfahrungen in den USA geforscht und 2014 zu dem Thema sein Buch \u00bbBonhoeffer&#8217;s Black Jesus\u00ab ver\u00f6ffentlicht.<\/p>\t\n\t\t\t\t<img loading=\"lazy\" decoding=\"async\" src=\"https:\/\/bonhoeffer-documentary.info\/de\/wp-content\/uploads\/2024\/04\/04-Reggie-Williams-300x169.png\" alt=\"Portrait Reggie Williams\" itemprop=\"image\" height=\"169\" width=\"300\" title=\"04 Reggie Williams\" onerror=\"this.style.display='none'\"  \/>\n\t\t\t\t<img loading=\"lazy\" decoding=\"async\" src=\"https:\/\/bonhoeffer-documentary.info\/de\/wp-content\/uploads\/2024\/04\/Hellmut-Schlingensiepen-300x169.png\" alt=\"Portrait Hellmut Schlingensiepen\" itemprop=\"image\" height=\"169\" width=\"300\" title=\"Hellmut Schlingensiepen\" onerror=\"this.style.display='none'\"  \/>\n\t<h3>\n\t\t\t\tHellmut Schlingensiepen\n\t\t\t<\/h3>\n\t\t\t<p>Der Filmemacher hat 2005 gemeinsam mit seinem Kollegen Christian Coers unter dem Titel &#8222;Wer glaubt, der flieht nicht&#8230;&#8220; ein filmisches Kurzportrait Dietrich Bonhoeffers ver\u00f6ffentlicht. Seitdem ist der Deutsche Widerstand gegen den Nationalsozialismus ein zentrales Thema seiner Arbeit. Als die Arbeiten an dem Film w\u00e4hrend der Pandemie ruhen mussten hat Schlingensiepen ein Buch \u00fcber die Harlem Renaissance geschrieben, dass 2025 erscheinen wird.<\/p>\t\n\n","protected":false},"excerpt":{"rendered":"<p>Die Wolke der Zeugen &#8211; The Cloud of Witnesses Unsere Expertinnen und Experten Wir danken unseren Gespr\u00e4chspartner*innen in der Schweiz, S\u00fcdafrika den USA und Deutschland. Wir haben viel von Ihnen gelernt, ohne sie w\u00e4re dieser Film nicht m\u00f6glich gewesen w\u00e4re. In der Reihenfolge ihres Auftretens im Film: Dr. John de Gruchy Der S\u00fcdafrikaner war 21 [&hellip;]<\/p>\n","protected":false},"author":1,"featured_media":0,"parent":0,"menu_order":0,"comment_status":"closed","ping_status":"closed","template":"template-page-builder.php","meta":{"site-sidebar-layout":"default","site-content-layout":"default","ast-site-content-layout":"default","site-content-style":"default","site-sidebar-style":"default","ast-global-header-display":"","ast-banner-title-visibility":"","ast-main-header-display":"","ast-hfb-above-header-display":"","ast-hfb-below-header-display":"","ast-hfb-mobile-header-display":"","site-post-title":"","ast-breadcrumbs-content":"","ast-featured-img":"","footer-sml-layout":"","theme-transparent-header-meta":"default","adv-header-id-meta":"","stick-header-meta":"default","header-above-stick-meta":"","header-main-stick-meta":"","header-below-stick-meta":"","astra-migrate-meta-layouts":"default","ast-page-background-enabled":"default","ast-page-background-meta":{"desktop":{"background-color":"","background-image":"","background-repeat":"repeat","background-position":"center center","background-size":"auto","background-attachment":"scroll","background-type":"","background-media":"","overlay-type":"","overlay-color":"","overlay-opacity":"","overlay-gradient":""},"tablet":{"background-color":"","background-image":"","background-repeat":"repeat","background-position":"center center","background-size":"auto","background-attachment":"scroll","background-type":"","background-media":"","overlay-type":"","overlay-color":"","overlay-opacity":"","overlay-gradient":""},"mobile":{"background-color":"","background-image":"","background-repeat":"repeat","background-position":"center center","background-size":"auto","background-attachment":"scroll","background-type":"","background-media":"","overlay-type":"","overlay-color":"","overlay-opacity":"","overlay-gradient":""}},"ast-content-background-meta":{"desktop":{"background-color":"var(--ast-global-color-5)","background-image":"","background-repeat":"repeat","background-position":"center center","background-size":"auto","background-attachment":"scroll","background-type":"","background-media":"","overlay-type":"","overlay-color":"","overlay-opacity":"","overlay-gradient":""},"tablet":{"background-color":"var(--ast-global-color-5)","background-image":"","background-repeat":"repeat","background-position":"center center","background-size":"auto","background-attachment":"scroll","background-type":"","background-media":"","overlay-type":"","overlay-color":"","overlay-opacity":"","overlay-gradient":""},"mobile":{"background-color":"var(--ast-global-color-5)","background-image":"","background-repeat":"repeat","background-position":"center center","background-size":"auto","background-attachment":"scroll","background-type":"","background-media":"","overlay-type":"","overlay-color":"","overlay-opacity":"","overlay-gradient":""}},"footnotes":""},"class_list":["post-275","page","type-page","status-publish","hentry"],"_links":{"self":[{"href":"https:\/\/bonhoeffer-documentary.info\/de\/wp-json\/wp\/v2\/pages\/275","targetHints":{"allow":["GET"]}}],"collection":[{"href":"https:\/\/bonhoeffer-documentary.info\/de\/wp-json\/wp\/v2\/pages"}],"about":[{"href":"https:\/\/bonhoeffer-documentary.info\/de\/wp-json\/wp\/v2\/types\/page"}],"author":[{"embeddable":true,"href":"https:\/\/bonhoeffer-documentary.info\/de\/wp-json\/wp\/v2\/users\/1"}],"replies":[{"embeddable":true,"href":"https:\/\/bonhoeffer-documentary.info\/de\/wp-json\/wp\/v2\/comments?post=275"}],"version-history":[{"count":11,"href":"https:\/\/bonhoeffer-documentary.info\/de\/wp-json\/wp\/v2\/pages\/275\/revisions"}],"predecessor-version":[{"id":335,"href":"https:\/\/bonhoeffer-documentary.info\/de\/wp-json\/wp\/v2\/pages\/275\/revisions\/335"}],"wp:attachment":[{"href":"https:\/\/bonhoeffer-documentary.info\/de\/wp-json\/wp\/v2\/media?parent=275"}],"curies":[{"name":"wp","href":"https:\/\/api.w.org\/{rel}","templated":true}]}}