{"id":244,"date":"2022-03-21T13:34:47","date_gmt":"2022-03-21T12:34:47","guid":{"rendered":"https:\/\/bonhoeffer-documentary.info\/de\/?page_id=244"},"modified":"2025-07-02T17:44:38","modified_gmt":"2025-07-02T15:44:38","slug":"index","status":"publish","type":"page","link":"https:\/\/bonhoeffer-documentary.info\/de\/","title":{"rendered":"index"},"content":{"rendered":"\n\n\t<h3>\n\t\t\t\tDie Wolke der Zeugen &#8211; The Cloud of Witnesses\n\t\t\t<\/h3>\n\t\t\t<p>Am 10. Oktober 2024 hat unser Film im Maxhaus in D\u00fcsseldorf erfolgreich Premiere gefeiert. Inzwischen ist &#8222;Die Wolke der Zeugen&#8220;, der Dokumentarfilm \u00fcber Dietrich Bonhoeffers Zeit in New York auch online verf\u00fcgbar. Der Film dauert 63 Minuten. Er kann auf der Videoplattform Vimeo zum Preis von 7,90 \u20ac gemietet oder f\u00fcr 29,- \u20ac gekauft werden. Bitte beachten Sie, dass Vimeo Cookies verwendet, die nicht unserem Einfluss unterliegen. <a href=\"https:\/\/wolke-der-zeugen.vhx.tv\/\" target=\"_blank\" rel=\"noopener\">Link zum Film<\/a>.\u00a0\u00a0Die Kaufversion beinhaltet die Rechte zur nicht kommerziellen Auff\u00fchrung, zum Beispiel ind Schulen oder Kirchengemeinden. Sie bei uns auch f\u00fcr 29,- \u20ac zzgl. 4,- \u20ac f\u00fcr Porto und Verpackung einen USB-Stick kaufen, der ebenfalls mit den Auff\u00fchrungsrechten verkauft wird. Schicken Sie hierf\u00fcr einfach eine E-Mail an: <a href=\"mailto:info@bonhoeffer-documentary.info\">info@bonhoeffer-documentary.info<\/a>.\u00a0Informationen zum Inhalt finden Sie <a href=\"https:\/\/bonhoeffer-documentary.info\/de\/about_the_movie\/\">hier<\/a>.\u00a0Wir, der amerikanische Theologe Dr. Reggie Williams und der deutsche Filmemacher Hellmut Schlingensiepen, hatten die Idee f\u00fcr den Film bereits 2015 w\u00e4hrend einer Reise durch Deutschland. Zu den vielen Orten, die wir besuchten, geh\u00f6rten das Bonhoeffer-Haus in Berlin und die KZ-Gedenkst\u00e4tten Buchenwald und Flossenb\u00fcrg. 2018 konnten wir nach ausf\u00fchrlichen Recherchen mit der Umsetzung beginnen und die ersten drei Interviews in New York f\u00fchren. Es folgten Anfang 2020 drei Interviews in S\u00fcdafrika, bevor die Pandemie unser Projekt vor\u00fcbergehend zum Erliegen brachte. Zwischen M\u00e4rz 2022 und September 2023 konnten wir die Dreharbeiten endlich abschlie\u00dfen und mit der Montage des Films beginnen.\u00a0Wir sind sehr dankbar f\u00fcr die vielen Expertinnen und Experten, die uns bei unserem Projekt unterst\u00fctzt haben. Informationen zu ihnen finden Sie <a href=\"https:\/\/bonhoeffer-documentary.info\/de\/about_the_movie\/\">hier<\/a>. <strong>Wenn Sie Fragen haben, freuen wir uns \u00fcber eine E-Mail<\/strong> an: <a href=\"mailto:info@bonhoeffer-documentary.info\">info@bonhoeffer-documentary.info<\/a>.\u00a0<\/p>\t\n\n","protected":false},"excerpt":{"rendered":"<p>Die Wolke der Zeugen &#8211; The Cloud of Witnesses Am 10. Oktober 2024 hat unser Film im Maxhaus in D\u00fcsseldorf erfolgreich Premiere gefeiert. Inzwischen ist &#8222;Die Wolke der Zeugen&#8220;, der Dokumentarfilm \u00fcber Dietrich Bonhoeffers Zeit in New York auch online verf\u00fcgbar. Der Film dauert 63 Minuten. Er kann auf der Videoplattform Vimeo zum Preis von [&hellip;]<\/p>\n","protected":false},"author":1,"featured_media":0,"parent":0,"menu_order":0,"comment_status":"closed","ping_status":"closed","template":"template-page-builder.php","meta":{"site-sidebar-layout":"default","site-content-layout":"default","ast-site-content-layout":"default","site-content-style":"default","site-sidebar-style":"default","ast-global-header-display":"","ast-banner-title-visibility":"","ast-main-header-display":"","ast-hfb-above-header-display":"","ast-hfb-below-header-display":"","ast-hfb-mobile-header-display":"","site-post-title":"","ast-breadcrumbs-content":"","ast-featured-img":"","footer-sml-layout":"","theme-transparent-header-meta":"default","adv-header-id-meta":"","stick-header-meta":"default","header-above-stick-meta":"","header-main-stick-meta":"","header-below-stick-meta":"","astra-migrate-meta-layouts":"default","ast-page-background-enabled":"default","ast-page-background-meta":{"desktop":{"background-color":"","background-image":"","background-repeat":"repeat","background-position":"center center","background-size":"auto","background-attachment":"scroll","background-type":"","background-media":"","overlay-type":"","overlay-color":"","overlay-opacity":"","overlay-gradient":""},"tablet":{"background-color":"","background-image":"","background-repeat":"repeat","background-position":"center center","background-size":"auto","background-attachment":"scroll","background-type":"","background-media":"","overlay-type":"","overlay-color":"","overlay-opacity":"","overlay-gradient":""},"mobile":{"background-color":"","background-image":"","background-repeat":"repeat","background-position":"center center","background-size":"auto","background-attachment":"scroll","background-type":"","background-media":"","overlay-type":"","overlay-color":"","overlay-opacity":"","overlay-gradient":""}},"ast-content-background-meta":{"desktop":{"background-color":"var(--ast-global-color-5)","background-image":"","background-repeat":"repeat","background-position":"center center","background-size":"auto","background-attachment":"scroll","background-type":"","background-media":"","overlay-type":"","overlay-color":"","overlay-opacity":"","overlay-gradient":""},"tablet":{"background-color":"var(--ast-global-color-5)","background-image":"","background-repeat":"repeat","background-position":"center center","background-size":"auto","background-attachment":"scroll","background-type":"","background-media":"","overlay-type":"","overlay-color":"","overlay-opacity":"","overlay-gradient":""},"mobile":{"background-color":"var(--ast-global-color-5)","background-image":"","background-repeat":"repeat","background-position":"center center","background-size":"auto","background-attachment":"scroll","background-type":"","background-media":"","overlay-type":"","overlay-color":"","overlay-opacity":"","overlay-gradient":""}},"footnotes":""},"class_list":["post-244","page","type-page","status-publish","hentry"],"_links":{"self":[{"href":"https:\/\/bonhoeffer-documentary.info\/de\/wp-json\/wp\/v2\/pages\/244","targetHints":{"allow":["GET"]}}],"collection":[{"href":"https:\/\/bonhoeffer-documentary.info\/de\/wp-json\/wp\/v2\/pages"}],"about":[{"href":"https:\/\/bonhoeffer-documentary.info\/de\/wp-json\/wp\/v2\/types\/page"}],"author":[{"embeddable":true,"href":"https:\/\/bonhoeffer-documentary.info\/de\/wp-json\/wp\/v2\/users\/1"}],"replies":[{"embeddable":true,"href":"https:\/\/bonhoeffer-documentary.info\/de\/wp-json\/wp\/v2\/comments?post=244"}],"version-history":[{"count":32,"href":"https:\/\/bonhoeffer-documentary.info\/de\/wp-json\/wp\/v2\/pages\/244\/revisions"}],"predecessor-version":[{"id":350,"href":"https:\/\/bonhoeffer-documentary.info\/de\/wp-json\/wp\/v2\/pages\/244\/revisions\/350"}],"wp:attachment":[{"href":"https:\/\/bonhoeffer-documentary.info\/de\/wp-json\/wp\/v2\/media?parent=244"}],"curies":[{"name":"wp","href":"https:\/\/api.w.org\/{rel}","templated":true}]}}