{"id":128,"date":"2019-06-03T12:14:43","date_gmt":"2019-06-03T10:14:43","guid":{"rendered":"http:\/\/bonhoeffer-documentary.info\/?page_id=128"},"modified":"2025-02-04T11:52:15","modified_gmt":"2025-02-04T10:52:15","slug":"about_the_movie","status":"publish","type":"page","link":"https:\/\/bonhoeffer-documentary.info\/de\/about_the_movie\/","title":{"rendered":"\u00dcber das Projekt"},"content":{"rendered":"\n<h2>\n\t\tDie Wolke der Zeugen &#8211; Cloud of Witnesses\n\t<\/h2>\n<h6>\n\t\tDietrich Bonhoeffer und seine Begegnung mit Rassismus\n\t<\/h6>\n\t<p>2011 habe ich den afro-amerikanischen Professor f\u00fcr christliche Ethik Reggie Williams aus Chicago kennengelernt. lm Herbst 2015 waren wir gemeinsam auf Bonhoeffers Spuren in Deutschland unterwegs, u.a. im Bonhoeffer-Haus in Berlin und in der KZ-Gedenkst\u00e4tte in Flossenb\u00fcrg, wo Bonhoeffer 1945 ermordet wurde. Bei dieser Reise entwickelten wir die ldee f\u00fcr ein deutsch-amerikanisches Filmprojekt \u00fcber Dietrich Bonhoeffer und seine Begegnung mit Rassismus. Zu unserer Reise gibt es einen kleinen Film auf Youtube. (<a href=\"https:\/\/www.youtube.com\/watch?v=AFk8fvD1bTM\" target=\"_blank\" rel=\"noopener\">Link zu dem Video auf Youtube<\/a>)<\/p>\n<p>Bonhoeffer lernte in Harlem die wei\u00dfe Vorherrschaft &#8211; die mit dem Gef\u00fchl der \u00dcberlegenheit verbunden ist &#8211; aus der Sicht der Schwarzen kennen. Er war in der Abyssinian Baptist Church in Harlem nicht nur Gottesdienstbesucher, er arbeitete aktiv in der Gemeinde mit, zum Beispiel unterrichtete er in der Sonntagsschule.<\/p>\n<p>Knapp 80 Jahre nach seiner Ermordung sp\u00fcrt der Film der Frage nach, wie Dietrich Bonhoeffer in New York zu einem entschiedenen Gegner jeder Form von Rassismus und Antisemitismus geworden ist. In vielen neuen Interviews kommen Fachleute aus der internationalen Bonhoeffer-Gesellschaft und Historiker zu Wort. Ziel des Films ist es in der heutigen Zeit Diskussionen \u00fcber Rassismus und Antisemitismus anzuregen.<\/p>\n<p>Die letzten Jahre haben verst\u00e4rkt gezeigt, wie wichtig eine Auseinandersetzung mit rechtsradikalen Gedanken und Rassismus ist. Was ist Rassismus? Wie und warum funktioniert er? Rassismus ist ein weltweites Problem, bei dessen Bek\u00e4mpfung wir Deutschen durch unsere Geschichte eine besondere Verantwortung haben. Mit dem Film m\u00f6chten wir, mein Freund Reggie Williams und ich ein Zeichen gegen Rassimus setzen.<\/p>\n<p>Im M\u00e4rz 2025 erscheint auf der Buchmesse in Leipzig: <strong>&#8222;Black Lives Matter vor 100 Jahren. Die Harlem Renaissance&#8220;<\/strong> mit einem Essay \u00fcber Dietrich Bonhoeffers Erfahrungen in den USA.<\/p>\n<em>Hellmut Schlingensiepen, im April 2024<br \/>\n<\/em>\n\n","protected":false},"excerpt":{"rendered":"<p>Die Wolke der Zeugen &#8211; Cloud of Witnesses Dietrich Bonhoeffer und seine Begegnung mit Rassismus 2011 habe ich den afro-amerikanischen Professor f\u00fcr christliche Ethik Reggie Williams aus Chicago kennengelernt. lm Herbst 2015 waren wir gemeinsam auf Bonhoeffers Spuren in Deutschland unterwegs, u.a. im Bonhoeffer-Haus in Berlin und in der KZ-Gedenkst\u00e4tte in Flossenb\u00fcrg, wo Bonhoeffer 1945 [&hellip;]<\/p>\n","protected":false},"author":1,"featured_media":0,"parent":0,"menu_order":0,"comment_status":"closed","ping_status":"closed","template":"template-page-builder.php","meta":{"site-sidebar-layout":"default","site-content-layout":"default","ast-site-content-layout":"default","site-content-style":"default","site-sidebar-style":"default","ast-global-header-display":"","ast-banner-title-visibility":"","ast-main-header-display":"","ast-hfb-above-header-display":"","ast-hfb-below-header-display":"","ast-hfb-mobile-header-display":"","site-post-title":"","ast-breadcrumbs-content":"","ast-featured-img":"","footer-sml-layout":"","theme-transparent-header-meta":"default","adv-header-id-meta":"","stick-header-meta":"default","header-above-stick-meta":"","header-main-stick-meta":"","header-below-stick-meta":"","astra-migrate-meta-layouts":"default","ast-page-background-enabled":"default","ast-page-background-meta":{"desktop":{"background-color":"","background-image":"","background-repeat":"repeat","background-position":"center center","background-size":"auto","background-attachment":"scroll","background-type":"","background-media":"","overlay-type":"","overlay-color":"","overlay-opacity":"","overlay-gradient":""},"tablet":{"background-color":"","background-image":"","background-repeat":"repeat","background-position":"center center","background-size":"auto","background-attachment":"scroll","background-type":"","background-media":"","overlay-type":"","overlay-color":"","overlay-opacity":"","overlay-gradient":""},"mobile":{"background-color":"","background-image":"","background-repeat":"repeat","background-position":"center center","background-size":"auto","background-attachment":"scroll","background-type":"","background-media":"","overlay-type":"","overlay-color":"","overlay-opacity":"","overlay-gradient":""}},"ast-content-background-meta":{"desktop":{"background-color":"var(--ast-global-color-5)","background-image":"","background-repeat":"repeat","background-position":"center center","background-size":"auto","background-attachment":"scroll","background-type":"","background-media":"","overlay-type":"","overlay-color":"","overlay-opacity":"","overlay-gradient":""},"tablet":{"background-color":"var(--ast-global-color-5)","background-image":"","background-repeat":"repeat","background-position":"center center","background-size":"auto","background-attachment":"scroll","background-type":"","background-media":"","overlay-type":"","overlay-color":"","overlay-opacity":"","overlay-gradient":""},"mobile":{"background-color":"var(--ast-global-color-5)","background-image":"","background-repeat":"repeat","background-position":"center center","background-size":"auto","background-attachment":"scroll","background-type":"","background-media":"","overlay-type":"","overlay-color":"","overlay-opacity":"","overlay-gradient":""}},"footnotes":""},"class_list":["post-128","page","type-page","status-publish","hentry"],"_links":{"self":[{"href":"https:\/\/bonhoeffer-documentary.info\/de\/wp-json\/wp\/v2\/pages\/128","targetHints":{"allow":["GET"]}}],"collection":[{"href":"https:\/\/bonhoeffer-documentary.info\/de\/wp-json\/wp\/v2\/pages"}],"about":[{"href":"https:\/\/bonhoeffer-documentary.info\/de\/wp-json\/wp\/v2\/types\/page"}],"author":[{"embeddable":true,"href":"https:\/\/bonhoeffer-documentary.info\/de\/wp-json\/wp\/v2\/users\/1"}],"replies":[{"embeddable":true,"href":"https:\/\/bonhoeffer-documentary.info\/de\/wp-json\/wp\/v2\/comments?post=128"}],"version-history":[{"count":15,"href":"https:\/\/bonhoeffer-documentary.info\/de\/wp-json\/wp\/v2\/pages\/128\/revisions"}],"predecessor-version":[{"id":333,"href":"https:\/\/bonhoeffer-documentary.info\/de\/wp-json\/wp\/v2\/pages\/128\/revisions\/333"}],"wp:attachment":[{"href":"https:\/\/bonhoeffer-documentary.info\/de\/wp-json\/wp\/v2\/media?parent=128"}],"curies":[{"name":"wp","href":"https:\/\/api.w.org\/{rel}","templated":true}]}}